{"id":405,"date":"2024-07-02T14:35:02","date_gmt":"2024-07-02T14:35:02","guid":{"rendered":"https:\/\/www.kristurnbull.com\/products\/?post_type=product&#038;p=405"},"modified":"2025-02-11T12:35:50","modified_gmt":"2025-02-11T12:35:50","slug":"oluce-atollo-table-lamp-large","status":"publish","type":"product","link":"https:\/\/www.kristurnbull.com\/products\/product\/oluce-atollo-table-lamp-large\/","title":{"rendered":"Oluce Atollo Table Lamp (Large)"},"content":{"rendered":"","protected":false},"excerpt":{"rendered":"<p>Atollo has become the archetype of the table lamp, winning the Compasso d\u2019Oro in 1979 and completely revolutionising the way we imagine the classic bedside lamp. The geometric shapes that compose it \u2013 cylinder, cone and hemisphere \u2013 have resulted in a product that is decorative and essential at the same time, disconnected from the historical period and the fashions of the moment, and one that has now fully become one of the icons of Italian design. Depending on stock available in three different sizes and in polished black metal finish.<\/p>\n<p>Dimensions<br \/>\nSmall \u00d8 25cm x H 35cm<br \/>\nMedium \u00d8 38cm x H 50cm<br \/>\nLarge \u00d8 50cm x H 70cm<\/p>\n","protected":false},"featured_media":406,"template":"","meta":[],"product_brand":[],"product_cat":[82,7],"product_tag":[],"class_list":{"0":"post-405","1":"product","2":"type-product","3":"status-publish","4":"has-post-thumbnail","6":"product_cat-ex-display","7":"product_cat-lighting","9":"first","10":"outofstock","11":"shipping-taxable","12":"product-type-simple"},"yoast_head":"<!-- This site is optimized with the Yoast SEO plugin v27.4 - https:\/\/yoast.com\/product\/yoast-seo-wordpress\/ -->\n<title>Oluce Atollo Table Lamp (Large) - Kris Turnbull<\/title>\n<meta name=\"robots\" content=\"index, follow, max-snippet:-1, max-image-preview:large, max-video-preview:-1\" \/>\n<link rel=\"canonical\" href=\"https:\/\/www.kristurnbull.com\/products\/product\/oluce-atollo-table-lamp-large\/\" \/>\n<meta property=\"og:locale\" content=\"en_GB\" \/>\n<meta property=\"og:type\" content=\"article\" \/>\n<meta property=\"og:title\" content=\"Oluce Atollo Table Lamp (Large) - Kris Turnbull\" \/>\n<meta property=\"og:description\" content=\"Atollo has become the archetype of the table lamp, winning the Compasso d\u2019Oro in 1979 and completely revolutionising the way we imagine the classic bedside lamp. The geometric shapes that compose it \u2013 cylinder, cone and hemisphere \u2013 have resulted in a product that is decorative and essential at the same time, disconnected from the historical period and the fashions of the moment, and one that has now fully become one of the icons of Italian design. Depending on stock available in three different sizes and in polished black metal finish.  Dimensions Small \u00d8 25cm x H 35cm Medium \u00d8 38cm x H 50cm Large \u00d8 50cm x H 70cm\" \/>\n<meta property=\"og:url\" content=\"https:\/\/www.kristurnbull.com\/products\/product\/oluce-atollo-table-lamp-large\/\" \/>\n<meta property=\"og:site_name\" content=\"Kris Turnbull\" \/>\n<meta property=\"article:modified_time\" content=\"2025-02-11T12:35:50+00:00\" \/>\n<meta property=\"og:image\" content=\"https:\/\/www.kristurnbull.com\/products\/wp-content\/uploads\/2024\/07\/oluce-atollo-table-lamp.jpg\" \/>\n\t<meta property=\"og:image:width\" content=\"1000\" \/>\n\t<meta property=\"og:image:height\" content=\"1000\" \/>\n\t<meta property=\"og:image:type\" content=\"image\/jpeg\" \/>\n<meta name=\"twitter:card\" content=\"summary_large_image\" \/>\n<meta name=\"twitter:label1\" content=\"Estimated reading time\" \/>\n\t<meta name=\"twitter:data1\" content=\"1 minute\" \/>\n<script type=\"application\/ld+json\" class=\"yoast-schema-graph\">{\"@context\":\"https:\\\/\\\/schema.org\",\"@graph\":[{\"@type\":\"WebPage\",\"@id\":\"https:\\\/\\\/www.kristurnbull.com\\\/products\\\/product\\\/oluce-atollo-table-lamp-large\\\/\",\"url\":\"https:\\\/\\\/www.kristurnbull.com\\\/products\\\/product\\\/oluce-atollo-table-lamp-large\\\/\",\"name\":\"Oluce Atollo Table Lamp (Large) - Kris Turnbull\",\"isPartOf\":{\"@id\":\"https:\\\/\\\/www.kristurnbull.com\\\/products\\\/#website\"},\"primaryImageOfPage\":{\"@id\":\"https:\\\/\\\/www.kristurnbull.com\\\/products\\\/product\\\/oluce-atollo-table-lamp-large\\\/#primaryimage\"},\"image\":{\"@id\":\"https:\\\/\\\/www.kristurnbull.com\\\/products\\\/product\\\/oluce-atollo-table-lamp-large\\\/#primaryimage\"},\"thumbnailUrl\":\"https:\\\/\\\/www.kristurnbull.com\\\/products\\\/wp-content\\\/uploads\\\/2024\\\/07\\\/oluce-atollo-table-lamp.jpg\",\"datePublished\":\"2024-07-02T14:35:02+00:00\",\"dateModified\":\"2025-02-11T12:35:50+00:00\",\"breadcrumb\":{\"@id\":\"https:\\\/\\\/www.kristurnbull.com\\\/products\\\/product\\\/oluce-atollo-table-lamp-large\\\/#breadcrumb\"},\"inLanguage\":\"en-GB\",\"potentialAction\":[{\"@type\":\"ReadAction\",\"target\":[\"https:\\\/\\\/www.kristurnbull.com\\\/products\\\/product\\\/oluce-atollo-table-lamp-large\\\/\"]}]},{\"@type\":\"ImageObject\",\"inLanguage\":\"en-GB\",\"@id\":\"https:\\\/\\\/www.kristurnbull.com\\\/products\\\/product\\\/oluce-atollo-table-lamp-large\\\/#primaryimage\",\"url\":\"https:\\\/\\\/www.kristurnbull.com\\\/products\\\/wp-content\\\/uploads\\\/2024\\\/07\\\/oluce-atollo-table-lamp.jpg\",\"contentUrl\":\"https:\\\/\\\/www.kristurnbull.com\\\/products\\\/wp-content\\\/uploads\\\/2024\\\/07\\\/oluce-atollo-table-lamp.jpg\",\"width\":1000,\"height\":1000,\"caption\":\"Oluce Atollo Table Lamp\"},{\"@type\":\"BreadcrumbList\",\"@id\":\"https:\\\/\\\/www.kristurnbull.com\\\/products\\\/product\\\/oluce-atollo-table-lamp-large\\\/#breadcrumb\",\"itemListElement\":[{\"@type\":\"ListItem\",\"position\":1,\"name\":\"Home\",\"item\":\"https:\\\/\\\/www.kristurnbull.com\\\/products\\\/\"},{\"@type\":\"ListItem\",\"position\":2,\"name\":\"Ex Display\",\"item\":\"https:\\\/\\\/www.kristurnbull.com\\\/products\\\/\"},{\"@type\":\"ListItem\",\"position\":3,\"name\":\"Oluce Atollo Table Lamp (Large)\"}]},{\"@type\":\"WebSite\",\"@id\":\"https:\\\/\\\/www.kristurnbull.com\\\/products\\\/#website\",\"url\":\"https:\\\/\\\/www.kristurnbull.com\\\/products\\\/\",\"name\":\"Kris Turnbull Ex-Display\",\"description\":\"Kris Turnbull\",\"publisher\":{\"@id\":\"https:\\\/\\\/www.kristurnbull.com\\\/products\\\/#organization\"},\"potentialAction\":[{\"@type\":\"SearchAction\",\"target\":{\"@type\":\"EntryPoint\",\"urlTemplate\":\"https:\\\/\\\/www.kristurnbull.com\\\/products\\\/?s={search_term_string}\"},\"query-input\":{\"@type\":\"PropertyValueSpecification\",\"valueRequired\":true,\"valueName\":\"search_term_string\"}}],\"inLanguage\":\"en-GB\"},{\"@type\":\"Organization\",\"@id\":\"https:\\\/\\\/www.kristurnbull.com\\\/products\\\/#organization\",\"name\":\"Kris Turnbull\",\"url\":\"https:\\\/\\\/www.kristurnbull.com\\\/products\\\/\",\"logo\":{\"@type\":\"ImageObject\",\"inLanguage\":\"en-GB\",\"@id\":\"https:\\\/\\\/www.kristurnbull.com\\\/products\\\/#\\\/schema\\\/logo\\\/image\\\/\",\"url\":\"https:\\\/\\\/www.kristurnbull.com\\\/products\\\/wp-content\\\/uploads\\\/2024\\\/09\\\/Kris-Turnbull-1.png\",\"contentUrl\":\"https:\\\/\\\/www.kristurnbull.com\\\/products\\\/wp-content\\\/uploads\\\/2024\\\/09\\\/Kris-Turnbull-1.png\",\"width\":1000,\"height\":1000,\"caption\":\"Kris Turnbull\"},\"image\":{\"@id\":\"https:\\\/\\\/www.kristurnbull.com\\\/products\\\/#\\\/schema\\\/logo\\\/image\\\/\"}}]}<\/script>\n<!-- \/ Yoast SEO plugin. -->","yoast_head_json":{"title":"Oluce Atollo Table Lamp (Large) - Kris Turnbull","robots":{"index":"index","follow":"follow","max-snippet":"max-snippet:-1","max-image-preview":"max-image-preview:large","max-video-preview":"max-video-preview:-1"},"canonical":"https:\/\/www.kristurnbull.com\/products\/product\/oluce-atollo-table-lamp-large\/","og_locale":"en_GB","og_type":"article","og_title":"Oluce Atollo Table Lamp (Large) - Kris Turnbull","og_description":"Atollo has become the archetype of the table lamp, winning the Compasso d\u2019Oro in 1979 and completely revolutionising the way we imagine the classic bedside lamp. The geometric shapes that compose it \u2013 cylinder, cone and hemisphere \u2013 have resulted in a product that is decorative and essential at the same time, disconnected from the historical period and the fashions of the moment, and one that has now fully become one of the icons of Italian design. Depending on stock available in three different sizes and in polished black metal finish.  Dimensions Small \u00d8 25cm x H 35cm Medium \u00d8 38cm x H 50cm Large \u00d8 50cm x H 70cm","og_url":"https:\/\/www.kristurnbull.com\/products\/product\/oluce-atollo-table-lamp-large\/","og_site_name":"Kris Turnbull","article_modified_time":"2025-02-11T12:35:50+00:00","og_image":[{"width":1000,"height":1000,"url":"https:\/\/www.kristurnbull.com\/products\/wp-content\/uploads\/2024\/07\/oluce-atollo-table-lamp.jpg","type":"image\/jpeg"}],"twitter_card":"summary_large_image","twitter_misc":{"Estimated reading time":"1 minute"},"schema":{"@context":"https:\/\/schema.org","@graph":[{"@type":"WebPage","@id":"https:\/\/www.kristurnbull.com\/products\/product\/oluce-atollo-table-lamp-large\/","url":"https:\/\/www.kristurnbull.com\/products\/product\/oluce-atollo-table-lamp-large\/","name":"Oluce Atollo Table Lamp (Large) - Kris Turnbull","isPartOf":{"@id":"https:\/\/www.kristurnbull.com\/products\/#website"},"primaryImageOfPage":{"@id":"https:\/\/www.kristurnbull.com\/products\/product\/oluce-atollo-table-lamp-large\/#primaryimage"},"image":{"@id":"https:\/\/www.kristurnbull.com\/products\/product\/oluce-atollo-table-lamp-large\/#primaryimage"},"thumbnailUrl":"https:\/\/www.kristurnbull.com\/products\/wp-content\/uploads\/2024\/07\/oluce-atollo-table-lamp.jpg","datePublished":"2024-07-02T14:35:02+00:00","dateModified":"2025-02-11T12:35:50+00:00","breadcrumb":{"@id":"https:\/\/www.kristurnbull.com\/products\/product\/oluce-atollo-table-lamp-large\/#breadcrumb"},"inLanguage":"en-GB","potentialAction":[{"@type":"ReadAction","target":["https:\/\/www.kristurnbull.com\/products\/product\/oluce-atollo-table-lamp-large\/"]}]},{"@type":"ImageObject","inLanguage":"en-GB","@id":"https:\/\/www.kristurnbull.com\/products\/product\/oluce-atollo-table-lamp-large\/#primaryimage","url":"https:\/\/www.kristurnbull.com\/products\/wp-content\/uploads\/2024\/07\/oluce-atollo-table-lamp.jpg","contentUrl":"https:\/\/www.kristurnbull.com\/products\/wp-content\/uploads\/2024\/07\/oluce-atollo-table-lamp.jpg","width":1000,"height":1000,"caption":"Oluce Atollo Table Lamp"},{"@type":"BreadcrumbList","@id":"https:\/\/www.kristurnbull.com\/products\/product\/oluce-atollo-table-lamp-large\/#breadcrumb","itemListElement":[{"@type":"ListItem","position":1,"name":"Home","item":"https:\/\/www.kristurnbull.com\/products\/"},{"@type":"ListItem","position":2,"name":"Ex Display","item":"https:\/\/www.kristurnbull.com\/products\/"},{"@type":"ListItem","position":3,"name":"Oluce Atollo Table Lamp (Large)"}]},{"@type":"WebSite","@id":"https:\/\/www.kristurnbull.com\/products\/#website","url":"https:\/\/www.kristurnbull.com\/products\/","name":"Kris Turnbull Ex-Display","description":"Kris Turnbull","publisher":{"@id":"https:\/\/www.kristurnbull.com\/products\/#organization"},"potentialAction":[{"@type":"SearchAction","target":{"@type":"EntryPoint","urlTemplate":"https:\/\/www.kristurnbull.com\/products\/?s={search_term_string}"},"query-input":{"@type":"PropertyValueSpecification","valueRequired":true,"valueName":"search_term_string"}}],"inLanguage":"en-GB"},{"@type":"Organization","@id":"https:\/\/www.kristurnbull.com\/products\/#organization","name":"Kris Turnbull","url":"https:\/\/www.kristurnbull.com\/products\/","logo":{"@type":"ImageObject","inLanguage":"en-GB","@id":"https:\/\/www.kristurnbull.com\/products\/#\/schema\/logo\/image\/","url":"https:\/\/www.kristurnbull.com\/products\/wp-content\/uploads\/2024\/09\/Kris-Turnbull-1.png","contentUrl":"https:\/\/www.kristurnbull.com\/products\/wp-content\/uploads\/2024\/09\/Kris-Turnbull-1.png","width":1000,"height":1000,"caption":"Kris Turnbull"},"image":{"@id":"https:\/\/www.kristurnbull.com\/products\/#\/schema\/logo\/image\/"}}]}},"jetpack_sharing_enabled":true,"_links":{"self":[{"href":"https:\/\/www.kristurnbull.com\/products\/wp-json\/wp\/v2\/product\/405","targetHints":{"allow":["GET"]}}],"collection":[{"href":"https:\/\/www.kristurnbull.com\/products\/wp-json\/wp\/v2\/product"}],"about":[{"href":"https:\/\/www.kristurnbull.com\/products\/wp-json\/wp\/v2\/types\/product"}],"version-history":[{"count":2,"href":"https:\/\/www.kristurnbull.com\/products\/wp-json\/wp\/v2\/product\/405\/revisions"}],"predecessor-version":[{"id":29121,"href":"https:\/\/www.kristurnbull.com\/products\/wp-json\/wp\/v2\/product\/405\/revisions\/29121"}],"wp:featuredmedia":[{"embeddable":true,"href":"https:\/\/www.kristurnbull.com\/products\/wp-json\/wp\/v2\/media\/406"}],"wp:attachment":[{"href":"https:\/\/www.kristurnbull.com\/products\/wp-json\/wp\/v2\/media?parent=405"}],"wp:term":[{"taxonomy":"product_brand","embeddable":true,"href":"https:\/\/www.kristurnbull.com\/products\/wp-json\/wp\/v2\/product_brand?post=405"},{"taxonomy":"product_cat","embeddable":true,"href":"https:\/\/www.kristurnbull.com\/products\/wp-json\/wp\/v2\/product_cat?post=405"},{"taxonomy":"product_tag","embeddable":true,"href":"https:\/\/www.kristurnbull.com\/products\/wp-json\/wp\/v2\/product_tag?post=405"}],"curies":[{"name":"wp","href":"https:\/\/api.w.org\/{rel}","templated":true}]}}